{"id":435,"date":"2024-04-05T08:42:51","date_gmt":"2024-04-05T07:42:51","guid":{"rendered":"https:\/\/mentomenhawaii.com\/?page_id=435"},"modified":"2026-03-28T20:38:14","modified_gmt":"2026-03-28T20:38:14","slug":"2024-conference-program","status":"publish","type":"page","link":"https:\/\/mentomenhawaii.com\/","title":{"rendered":"Conference Information for 2026 DATE CHANGE"},"content":{"rendered":"\n<figure class=\"wp-block-image size-full\"><img loading=\"lazy\" decoding=\"async\" width=\"1024\" height=\"1024\" src=\"http:\/\/mentomenhawaii.com\/wp-content\/uploads\/2026\/03\/3rd-Annual-revised-B.png\" alt=\"\" class=\"wp-image-1400\" srcset=\"https:\/\/mentomenhawaii.com\/wp-content\/uploads\/2026\/03\/3rd-Annual-revised-B.png 1024w, https:\/\/mentomenhawaii.com\/wp-content\/uploads\/2026\/03\/3rd-Annual-revised-B-300x300.png 300w, https:\/\/mentomenhawaii.com\/wp-content\/uploads\/2026\/03\/3rd-Annual-revised-B-150x150.png 150w, https:\/\/mentomenhawaii.com\/wp-content\/uploads\/2026\/03\/3rd-Annual-revised-B-768x768.png 768w\" sizes=\"auto, (max-width: 1024px) 100vw, 1024px\" \/><\/figure>\n\n\n\n<p class=\"has-black-color has-text-color has-link-color has-medium-font-size wp-elements-b12a91811a3651558d711d2094e9e41d\"><strong><em>\u201cN\u0101 Lawai\u02bba o n\u0101 K\u0101ne, Ke K\u0101pili Nei i N\u0101 K\u0101ne A Pau e \u02bb\u0100koakoa&#8221;<\/em> <\/strong>beautifully illustrates and represents the theme <strong><em>\u201cFishers of Men\u201d<\/em><\/strong>, calling or assembling all the men to gather, or come together and align with both the spiritual and cultural depth of who we truly are. &nbsp;<\/p>\n\n\n\n<p class=\"has-link-color has-medium-font-size wp-elements-ce73ee09b9a189ce1034521972f48d38\">The theme captures the spirit of unity and invitation. This biblical analogy, emphasizes outreach, mentorship, and guiding others toward a transformative journey. By adopting this theme, the conference intends to inspire attendees to actively engage in their communities, fostering connections that lead to personal and collective growth.\u200b<\/p>\n\n\n\n<p class=\"has-link-color has-medium-font-size wp-elements-830528e66a3f9237764cb65eb66b7752\">The essence of being a &#8220;<strong><em>Fishers of Men&#8221;<\/em><\/strong> involves intentionality, patience, and a deep commitment to understanding and addressing the needs of others. In the context of the <strong><em>Men to Men Hawaii Conference,<\/em><\/strong> this translates to creating sessions and workshops that equip men with the tools to mentor, support, and uplift those around them. By emphasizing the importance of casting wide nets\u2014reaching out to diverse groups and individuals the conference can encourage participants to embrace inclusivity and empathy in their interactions.\u200b<\/p>\n\n\n\n<p class=\"has-link-color has-medium-font-size wp-elements-b70e3488afce96431d320b0ba631597c\">Moreover, the conference can draw parallels between the unpredictable nature of fishing and the challenges faced in personal development and community involvement. Just as fishermen must navigate uncertain waters and exercise patience for a fruitful catch, men are called to persistently invest time and effort into building relationships and fostering environments where others can thrive. &nbsp;<\/p>\n\n\n\n<p class=\"has-link-color has-medium-font-size wp-elements-46bf2b2c3936d206827841065177d271\">By embedding the <strong><em>&#8220;Fishers of Men&#8221;<\/em><\/strong> symbolism into its framework, the <strong><em>Men to Men Hawaii Conference 2026<\/em><\/strong> can serve as a catalyst for inspiring men to take proactive roles in their communities. It encourages a shift from passive participation to active engagement, emphasizing that, like skilled fishermen, men must go where the needs are, cast their nets with purpose, and nurture the connections they make to facilitate meaningful change.<\/p>\n\n\n\n<p class=\"has-link-color has-medium-font-size wp-elements-3fb62a08f561a56d66d19bb367c3dda4\">Furthermore, the idea of being a &#8220;<strong><em>Fishers of Men&#8221;<\/em><\/strong> invites us into a life of purpose. It\u2019s not about self-promotion or personal gain. It\u2019s about service and the pursuit of something greater than ourselves.<\/p>\n\n\n\n<p class=\"has-black-color has-text-color has-link-color has-medium-font-size wp-elements-a7f57d403335c2ef65546fd232101ba3\"><strong><em>&#8220;Fishers of Men&#8221;<\/em><\/strong> also speaks to community and collective action. Just as fishing was often done with others requiring cooperation, unity, and shared labor, the mission to reach people is not a solitary task. It takes a community of believers, each using their unique gifts and experiences, to reach others. Ultimately, to be a &#8220;<strong><em>Fishers of Men&#8221; <\/em><\/strong>is to live a life that points people in the right direction not by coercion, but by compassion, not by judgment, but by grace. It is a daily commitment to be a light in darkness, a guide for the lost, and a living invitation to the abundant life offered through faith.<\/p>\n\n\n\n<p class=\"has-link-color has-medium-font-size wp-elements-eb0c3d148ec2b9ce47f801d73253a1f5\">Come and join us at <strong>Camp Homelani on March 27th thru 29th 2026<\/strong> for a fun filled weekend and enjoy fellowshipping with like-minded individuals. For more information visit our <a href=\"https:\/\/mentomenhawaii.com\/index.php\/registration\/\">registration<\/a> page<\/p>\n\n\n\n<p class=\"has-link-color has-medium-font-size wp-elements-21abcfd8ddd9c2afef17560e3cbcaa89\">Don&#8217;t forget&#8230;&#8230;. to fish a friend to attend!<\/p>\n\n\n\n<p class=\"has-medium-font-size\"><strong>2026 MTM Committee<\/strong><\/p>\n","protected":false},"excerpt":{"rendered":"<div class=\"mh-excerpt\"><p>\u201cN\u0101 Lawai\u02bba o n\u0101 K\u0101ne, Ke K\u0101pili Nei i N\u0101 K\u0101ne A Pau e \u02bb\u0100koakoa&#8221; beautifully illustrates and represents the theme \u201cFishers of Men\u201d, calling <a class=\"mh-excerpt-more\" href=\"https:\/\/mentomenhawaii.com\/\" title=\"Conference Information for 2026 DATE CHANGE\">[&#8230;]<\/a><\/p>\n<\/div>","protected":false},"author":1,"featured_media":0,"parent":0,"menu_order":0,"comment_status":"closed","ping_status":"closed","template":"","meta":{"ngg_post_thumbnail":0,"footnotes":""},"class_list":["post-435","page","type-page","status-publish","hentry"],"_links":{"self":[{"href":"https:\/\/mentomenhawaii.com\/index.php\/wp-json\/wp\/v2\/pages\/435","targetHints":{"allow":["GET"]}}],"collection":[{"href":"https:\/\/mentomenhawaii.com\/index.php\/wp-json\/wp\/v2\/pages"}],"about":[{"href":"https:\/\/mentomenhawaii.com\/index.php\/wp-json\/wp\/v2\/types\/page"}],"author":[{"embeddable":true,"href":"https:\/\/mentomenhawaii.com\/index.php\/wp-json\/wp\/v2\/users\/1"}],"replies":[{"embeddable":true,"href":"https:\/\/mentomenhawaii.com\/index.php\/wp-json\/wp\/v2\/comments?post=435"}],"version-history":[{"count":27,"href":"https:\/\/mentomenhawaii.com\/index.php\/wp-json\/wp\/v2\/pages\/435\/revisions"}],"predecessor-version":[{"id":1421,"href":"https:\/\/mentomenhawaii.com\/index.php\/wp-json\/wp\/v2\/pages\/435\/revisions\/1421"}],"wp:attachment":[{"href":"https:\/\/mentomenhawaii.com\/index.php\/wp-json\/wp\/v2\/media?parent=435"}],"curies":[{"name":"wp","href":"https:\/\/api.w.org\/{rel}","templated":true}]}}